{"id":7,"date":"2020-10-04T16:18:43","date_gmt":"2020-10-04T16:18:43","guid":{"rendered":"http:\/\/vevokoveteles.ensure.hu\/?page_id=7"},"modified":"2025-04-16T19:34:38","modified_gmt":"2025-04-16T19:34:38","slug":"rolunk","status":"publish","type":"page","link":"https:\/\/vevokoveteles.ensure.hu\/index.php\/rolunk\/","title":{"rendered":"R\u00f3lunk"},"content":{"rendered":"\n<p>Az Ensure P\u00e9nz\u00fcgyi Szolg\u00e1ltat\u00f3 Kft. egy 2006-ban alap\u00edtott biztos\u00edt\u00e1si alkusz, mely a magyar piac meghat\u00e1roz\u00f3 szerepl\u0151j\u00e9v\u00e9 n\u0151tte ki mag\u00e1t. <\/p>\n\n\n\n<p>2022-ben szakmai \u00e9s tulajdonosi egy\u00fcttm\u0171k\u00f6d\u00e9sre l\u00e9pett K\u00f6z\u00e9p-Eur\u00f3pa legnagyobb biztos\u00edt\u00e1sk\u00f6zvet\u00edt\u0151 c\u00e9g\u00e9vel, a RENOMIA-val. 2019 \u00f3ta a Gallagher c\u00e9gcsoport strat\u00e9giai partner\u00fcnk lett, mely a vil\u00e1g harmadik legnagyobb biztos\u00edt\u00e1sk\u00f6zvet\u00edt\u0151 c\u00e9ge, \u00e9s vil\u00e1gszerte ny\u00fajt szolg\u00e1ltat\u00e1st \u00fcgyfeleinek. Csoportunknak m\u00e1ra m\u00e1r K\u00f6z\u00e9p-Kelet Eur\u00f3pa 12 orsz\u00e1g\u00e1ban van \u00e9rdekelts\u00e9ge.<\/p>\n\n\n\n<p>Ismerje meg szak\u00e9rt\u0151i csapatunkat!<\/p>\n\n\n\n<p>F\u00fczesi Tibor<br>\u00fcgyvezet\u0151 igazgat\u00f3<br><a href=\"mailto:fuzesi.tibor@ensure.hu\">fuzesi.tibor@ensure.hu<\/a><\/p>\n\n\n\n<p><\/p>\n","protected":false},"excerpt":{"rendered":"<p>Az Ensure P\u00e9nz\u00fcgyi Szolg\u00e1ltat\u00f3 Kft. egy 2006-ban alap\u00edtott biztos\u00edt\u00e1si alkusz, mely a magyar piac meghat\u00e1roz\u00f3 szerepl\u0151j\u00e9v\u00e9 n\u0151tte ki mag\u00e1t. 2022-ben szakmai \u00e9s tulajdonosi egy\u00fcttm\u0171k\u00f6d\u00e9sre l\u00e9pett K\u00f6z\u00e9p-Eur\u00f3pa legnagyobb biztos\u00edt\u00e1sk\u00f6zvet\u00edt\u0151 c\u00e9g\u00e9vel, a RENOMIA-val. 2019 \u00f3ta a Gallagher c\u00e9gcsoport strat\u00e9giai partner\u00fcnk lett, mely a vil\u00e1g harmadik legnagyobb biztos\u00edt\u00e1sk\u00f6zvet\u00edt\u0151 c\u00e9ge, \u00e9s vil\u00e1gszerte ny\u00fajt szolg\u00e1ltat\u00e1st \u00fcgyfeleinek. Csoportunknak m\u00e1ra m\u00e1r K\u00f6z\u00e9p-Kelet [&hellip;]<\/p>\n","protected":false},"author":2,"featured_media":0,"parent":0,"menu_order":0,"comment_status":"closed","ping_status":"closed","template":"","meta":{"footnotes":""},"class_list":["post-7","page","type-page","status-publish","hentry"],"_links":{"self":[{"href":"https:\/\/vevokoveteles.ensure.hu\/index.php\/wp-json\/wp\/v2\/pages\/7","targetHints":{"allow":["GET"]}}],"collection":[{"href":"https:\/\/vevokoveteles.ensure.hu\/index.php\/wp-json\/wp\/v2\/pages"}],"about":[{"href":"https:\/\/vevokoveteles.ensure.hu\/index.php\/wp-json\/wp\/v2\/types\/page"}],"author":[{"embeddable":true,"href":"https:\/\/vevokoveteles.ensure.hu\/index.php\/wp-json\/wp\/v2\/users\/2"}],"replies":[{"embeddable":true,"href":"https:\/\/vevokoveteles.ensure.hu\/index.php\/wp-json\/wp\/v2\/comments?post=7"}],"version-history":[{"count":4,"href":"https:\/\/vevokoveteles.ensure.hu\/index.php\/wp-json\/wp\/v2\/pages\/7\/revisions"}],"predecessor-version":[{"id":158,"href":"https:\/\/vevokoveteles.ensure.hu\/index.php\/wp-json\/wp\/v2\/pages\/7\/revisions\/158"}],"wp:attachment":[{"href":"https:\/\/vevokoveteles.ensure.hu\/index.php\/wp-json\/wp\/v2\/media?parent=7"}],"curies":[{"name":"wp","href":"https:\/\/api.w.org\/{rel}","templated":true}]}}